{"id":163,"date":"2022-02-14T12:03:20","date_gmt":"2022-02-14T12:03:20","guid":{"rendered":"http:\/\/beducon.com\/?page_id=163"},"modified":"2022-03-01T09:47:17","modified_gmt":"2022-03-01T09:47:17","slug":"hakkimizda","status":"publish","type":"page","link":"https:\/\/beducon.com\/index.php\/hakkimizda\/","title":{"rendered":"Hakk\u0131m\u0131zda"},"content":{"rendered":"\t\t<div data-elementor-type=\"wp-page\" data-elementor-id=\"163\" class=\"elementor elementor-163\">\n\t\t\t\t\t\t<section class=\"elementor-section elementor-top-section elementor-element elementor-element-494d13be elementor-section-content-middle elementor-section-boxed elementor-section-height-default elementor-section-height-default\" data-id=\"494d13be\" data-element_type=\"section\" data-e-type=\"section\" data-settings=\"{&quot;background_background&quot;:&quot;video&quot;,&quot;background_video_link&quot;:&quot;https:\\\/\\\/www.youtube.com\\\/watch?v=o6wMCkY7kjA&quot;,&quot;shape_divider_top&quot;:&quot;triangle&quot;}\">\n\t\t\t\t\t\t\t\t<div class=\"elementor-background-video-container elementor-hidden-mobile\">\n\t\t\t\t\t\t\t\t\t\t\t\t\t<div class=\"elementor-background-video-embed\" role=\"presentation\"><\/div>\n\t\t\t\t\t\t\t\t\t\t\t\t<\/div>\n\t\t\t\t\t\t\t\t\t<div class=\"elementor-background-overlay\"><\/div>\n\t\t\t\t\t\t<div class=\"elementor-shape elementor-shape-top\" aria-hidden=\"true\" data-negative=\"false\">\n\t\t\t<svg xmlns=\"http:\/\/www.w3.org\/2000\/svg\" viewBox=\"0 0 1000 100\" preserveAspectRatio=\"none\">\n\t<path class=\"elementor-shape-fill\" d=\"M500,98.9L0,6.1V0h1000v6.1L500,98.9z\"\/>\n<\/svg>\t\t<\/div>\n\t\t\t\t\t<div class=\"elementor-container elementor-column-gap-default\">\n\t\t\t\t\t<div class=\"elementor-column elementor-col-100 elementor-top-column elementor-element elementor-element-90d7cdd\" data-id=\"90d7cdd\" data-element_type=\"column\" data-e-type=\"column\">\n\t\t\t<div class=\"elementor-widget-wrap elementor-element-populated\">\n\t\t\t\t\t\t<div class=\"elementor-element elementor-element-181e5df7 elementor-widget elementor-widget-image\" data-id=\"181e5df7\" data-element_type=\"widget\" data-e-type=\"widget\" data-widget_type=\"image.default\">\n\t\t\t\t<div class=\"elementor-widget-container\">\n\t\t\t\t\t\t\t\t\t\t\t\t\t\t\t<img decoding=\"async\" width=\"300\" height=\"96\" src=\"https:\/\/beducon.com\/wp-content\/uploads\/2022\/02\/branch-white-300x96.png\" class=\"attachment-medium size-medium wp-image-176\" alt=\"\" srcset=\"https:\/\/beducon.com\/wp-content\/uploads\/2022\/02\/branch-white-300x96.png 300w, https:\/\/beducon.com\/wp-content\/uploads\/2022\/02\/branch-white.png 379w\" sizes=\"(max-width: 300px) 100vw, 300px\" \/>\t\t\t\t\t\t\t\t\t\t\t\t\t\t\t<\/div>\n\t\t\t\t<\/div>\n\t\t\t\t<div class=\"elementor-element elementor-element-443f5e7c elementor-widget elementor-widget-text-editor\" data-id=\"443f5e7c\" data-element_type=\"widget\" data-e-type=\"widget\" data-widget_type=\"text-editor.default\">\n\t\t\t\t<div class=\"elementor-widget-container\">\n\t\t\t\t\t\t\t\t\t<p class=\"elementor-heading-title elementor-size-default\">BEDUCON T\u00fcrkiye ve D\u00fcnyada \u00e7ok \u00e7e\u015fitli i\u015f deneyimleri ile yakalanm\u0131\u015f tecr\u00fcbelerin do\u011fru ve kaliteli projelerle sunulmas\u0131 amac\u0131 ile kurulmu\u015f optik sekt\u00f6r\u00fc ba\u015fta olmak \u00fczere, in\u015faat ve dan\u0131\u015fmanl\u0131k firmas\u0131d\u0131r. T\u00fcrkiyede, kapsaml\u0131 \u00a0hizmet sa\u011flay\u0131c\u0131s\u0131 ve kamu-\u00f6zel ortakl\u0131klar\u0131 geli\u015ftiricisi olma amac\u0131ndad\u0131r. Firmam\u0131z uzmanl\u0131\u011f\u0131n\u0131 ve sinerjisini kullanarak,k\u00fc\u00e7\u00fck projelerden milyon dolarl\u0131k projelere \u00e7ok \u00e7e\u015fitli \u00e7\u00f6z\u00fcmler sunmaktad\u0131r.<\/p><p>Merkezi Ankara da bulunan, BEDUCON se\u00e7kin T\u00fcrkiye ve D\u00fcnya piyasalar\u0131nda in\u015faat uzmanl\u0131\u011f\u0131, sivil altyap\u0131, kamu \u00f6zel sekt\u00f6r ortakl\u0131klar\u0131 ve ticari kalk\u0131nma giri\u015fimleri ile \u00fclkenin b\u00fcy\u00fck, sa\u011flam mali yap\u0131 ve geli\u015ftirme \u015firketlerinden biri olma amac\u0131ndad\u0131r.<\/p>\t\t\t\t\t\t\t\t<\/div>\n\t\t\t\t<\/div>\n\t\t\t\t<div class=\"elementor-element elementor-element-677b59e8 elementor-align-center elementor-tablet-align-center elementor-widget elementor-widget-button\" data-id=\"677b59e8\" data-element_type=\"widget\" data-e-type=\"widget\" data-widget_type=\"button.default\">\n\t\t\t\t<div class=\"elementor-widget-container\">\n\t\t\t\t\t\t\t\t\t<div class=\"elementor-button-wrapper\">\n\t\t\t\t\t<a class=\"elementor-button elementor-button-link elementor-size-md\" href=\"https:\/\/beducon.com\/index.php\/iletisim\/\">\n\t\t\t\t\t\t<span class=\"elementor-button-content-wrapper\">\n\t\t\t\t\t\t\t\t\t<span class=\"elementor-button-text\">\u0130LET\u0130\u015e\u0130M<\/span>\n\t\t\t\t\t<\/span>\n\t\t\t\t\t<\/a>\n\t\t\t\t<\/div>\n\t\t\t\t\t\t\t\t<\/div>\n\t\t\t\t<\/div>\n\t\t\t\t\t<\/div>\n\t\t<\/div>\n\t\t\t\t\t<\/div>\n\t\t<\/section>\n\t\t\t\t<section class=\"elementor-section elementor-top-section elementor-element elementor-element-30118fd elementor-section-content-middle elementor-section-stretched elementor-section-full_width elementor-section-height-min-height elementor-section-items-stretch elementor-reverse-mobile elementor-section-height-default\" data-id=\"30118fd\" data-element_type=\"section\" data-e-type=\"section\" data-settings=\"{&quot;background_background&quot;:&quot;classic&quot;,&quot;stretch_section&quot;:&quot;section-stretched&quot;,&quot;shape_divider_top&quot;:&quot;pyramids&quot;}\">\n\t\t\t\t\t<div class=\"elementor-shape elementor-shape-top\" aria-hidden=\"true\" data-negative=\"false\">\n\t\t\t<svg xmlns=\"http:\/\/www.w3.org\/2000\/svg\" viewBox=\"0 0 1000 100\" preserveAspectRatio=\"none\">\n\t<path class=\"elementor-shape-fill\" d=\"M761.9,44.1L643.1,27.2L333.8,98L0,3.8V0l1000,0v3.9\"\/>\n<\/svg>\t\t<\/div>\n\t\t\t\t\t<div class=\"elementor-container elementor-column-gap-wider\">\n\t\t\t\t\t<div class=\"elementor-column elementor-col-50 elementor-top-column elementor-element elementor-element-f5203e5\" data-id=\"f5203e5\" data-element_type=\"column\" data-e-type=\"column\" data-settings=\"{&quot;background_background&quot;:&quot;classic&quot;}\">\n\t\t\t<div class=\"elementor-widget-wrap elementor-element-populated\">\n\t\t\t\t\t<div class=\"elementor-background-overlay\"><\/div>\n\t\t\t\t\t\t<div class=\"elementor-element elementor-element-3d21752b elementor-widget elementor-widget-spacer\" data-id=\"3d21752b\" data-element_type=\"widget\" data-e-type=\"widget\" data-widget_type=\"spacer.default\">\n\t\t\t\t<div class=\"elementor-widget-container\">\n\t\t\t\t\t\t\t<div class=\"elementor-spacer\">\n\t\t\t<div class=\"elementor-spacer-inner\"><\/div>\n\t\t<\/div>\n\t\t\t\t\t\t<\/div>\n\t\t\t\t<\/div>\n\t\t\t\t<section class=\"elementor-section elementor-inner-section elementor-element elementor-element-3e3b9c78 elementor-section-full_width elementor-section-height-default elementor-section-height-default\" data-id=\"3e3b9c78\" data-element_type=\"section\" data-e-type=\"section\">\n\t\t\t\t\t\t<div class=\"elementor-container elementor-column-gap-default\">\n\t\t\t\t\t<div class=\"elementor-column elementor-col-100 elementor-inner-column elementor-element elementor-element-25418fe\" data-id=\"25418fe\" data-element_type=\"column\" data-e-type=\"column\">\n\t\t\t<div class=\"elementor-widget-wrap\">\n\t\t\t\t\t\t\t<\/div>\n\t\t<\/div>\n\t\t\t\t\t<\/div>\n\t\t<\/section>\n\t\t\t\t<div class=\"elementor-element elementor-element-155f43c elementor-widget elementor-widget-google_maps\" data-id=\"155f43c\" data-element_type=\"widget\" data-e-type=\"widget\" data-widget_type=\"google_maps.default\">\n\t\t\t\t<div class=\"elementor-widget-container\">\n\t\t\t\t\t\t\t<div class=\"elementor-custom-embed\">\n\t\t\t<iframe loading=\"lazy\"\n\t\t\t\t\tsrc=\"https:\/\/maps.google.com\/maps?q=k%C4%B1rlang%C4%B1%C3%A7%20cd.%2043%2F4%20%20gop&#038;t=m&#038;z=16&#038;output=embed&#038;iwloc=near\"\n\t\t\t\t\ttitle=\"k\u0131rlang\u0131\u00e7 cd. 43\/4  gop\"\n\t\t\t\t\taria-label=\"k\u0131rlang\u0131\u00e7 cd. 43\/4  gop\"\n\t\t\t><\/iframe>\n\t\t<\/div>\n\t\t\t\t\t\t<\/div>\n\t\t\t\t<\/div>\n\t\t\t\t\t<\/div>\n\t\t<\/div>\n\t\t\t\t<div class=\"elementor-column elementor-col-50 elementor-top-column elementor-element elementor-element-128a97c0\" data-id=\"128a97c0\" data-element_type=\"column\" data-e-type=\"column\" data-settings=\"{&quot;background_background&quot;:&quot;classic&quot;}\">\n\t\t\t<div class=\"elementor-widget-wrap elementor-element-populated\">\n\t\t\t\t\t\t<div class=\"elementor-element elementor-element-38b029f0 elementor-widget elementor-widget-heading\" data-id=\"38b029f0\" data-element_type=\"widget\" data-e-type=\"widget\" data-widget_type=\"heading.default\">\n\t\t\t\t<div class=\"elementor-widget-container\">\n\t\t\t\t\t<h2 class=\"elementor-heading-title elementor-size-default\">ileti\u015fim<\/h2>\t\t\t\t<\/div>\n\t\t\t\t<\/div>\n\t\t\t\t<div class=\"elementor-element elementor-element-5fe2c451 elementor-widget-divider--view-line elementor-widget elementor-widget-divider\" data-id=\"5fe2c451\" data-element_type=\"widget\" data-e-type=\"widget\" data-widget_type=\"divider.default\">\n\t\t\t\t<div class=\"elementor-widget-container\">\n\t\t\t\t\t\t\t<div class=\"elementor-divider\">\n\t\t\t<span class=\"elementor-divider-separator\">\n\t\t\t\t\t\t<\/span>\n\t\t<\/div>\n\t\t\t\t\t\t<\/div>\n\t\t\t\t<\/div>\n\t\t\t\t<div class=\"elementor-element elementor-element-46b73dd3 elementor-align-start elementor-mobile-align-center elementor-icon-list--layout-traditional elementor-list-item-link-full_width elementor-widget elementor-widget-icon-list\" data-id=\"46b73dd3\" data-element_type=\"widget\" data-e-type=\"widget\" data-widget_type=\"icon-list.default\">\n\t\t\t\t<div class=\"elementor-widget-container\">\n\t\t\t\t\t\t\t<ul class=\"elementor-icon-list-items\">\n\t\t\t\t\t\t\t<li class=\"elementor-icon-list-item\">\n\t\t\t\t\t\t\t\t\t\t<span class=\"elementor-icon-list-text\">K\u0131rlang\u0131\u00e7 Cd.No:43\/4 GOP ANKARA T\u00dcRK\u0130YE<\/span>\n\t\t\t\t\t\t\t\t\t<\/li>\n\t\t\t\t\t\t\t\t<li class=\"elementor-icon-list-item\">\n\t\t\t\t\t\t\t\t\t\t<span class=\"elementor-icon-list-text\">+90 312 448 0081<\/span>\n\t\t\t\t\t\t\t\t\t<\/li>\n\t\t\t\t\t\t\t\t<li class=\"elementor-icon-list-item\">\n\t\t\t\t\t\t\t\t\t\t<span class=\"elementor-icon-list-text\">info@beducon.com<\/span>\n\t\t\t\t\t\t\t\t\t<\/li>\n\t\t\t\t\t\t<\/ul>\n\t\t\t\t\t\t<\/div>\n\t\t\t\t<\/div>\n\t\t\t\t\t<\/div>\n\t\t<\/div>\n\t\t\t\t\t<\/div>\n\t\t<\/section>\n\t\t\t\t<\/div>\n\t\t","protected":false},"excerpt":{"rendered":"<p>BEDUCON T\u00fcrkiye ve D\u00fcnyada \u00e7ok \u00e7e\u015fitli i\u015f deneyimleri ile yakalanm\u0131\u015f tecr\u00fcbelerin do\u011fru ve kaliteli projelerle sunulmas\u0131 amac\u0131 ile kurulmu\u015f optik sekt\u00f6r\u00fc ba\u015fta olmak \u00fczere, in\u015faat ve dan\u0131\u015fmanl\u0131k firmas\u0131d\u0131r. T\u00fcrkiyede, kapsaml\u0131 \u00a0hizmet sa\u011flay\u0131c\u0131s\u0131 ve kamu-\u00f6zel ortakl\u0131klar\u0131 geli\u015ftiricisi olma amac\u0131ndad\u0131r. Firmam\u0131z uzmanl\u0131\u011f\u0131n\u0131 ve sinerjisini kullanarak,k\u00fc\u00e7\u00fck projelerden milyon dolarl\u0131k projelere \u00e7ok \u00e7e\u015fitli \u00e7\u00f6z\u00fcmler sunmaktad\u0131r. Merkezi Ankara da bulunan, [&hellip;]<\/p>\n","protected":false},"author":1,"featured_media":0,"parent":0,"menu_order":0,"comment_status":"closed","ping_status":"closed","template":"elementor_header_footer","meta":{"footnotes":""},"class_list":["post-163","page","type-page","status-publish","hentry"],"aioseo_notices":[],"_links":{"self":[{"href":"https:\/\/beducon.com\/index.php\/wp-json\/wp\/v2\/pages\/163","targetHints":{"allow":["GET"]}}],"collection":[{"href":"https:\/\/beducon.com\/index.php\/wp-json\/wp\/v2\/pages"}],"about":[{"href":"https:\/\/beducon.com\/index.php\/wp-json\/wp\/v2\/types\/page"}],"author":[{"embeddable":true,"href":"https:\/\/beducon.com\/index.php\/wp-json\/wp\/v2\/users\/1"}],"replies":[{"embeddable":true,"href":"https:\/\/beducon.com\/index.php\/wp-json\/wp\/v2\/comments?post=163"}],"version-history":[{"count":20,"href":"https:\/\/beducon.com\/index.php\/wp-json\/wp\/v2\/pages\/163\/revisions"}],"predecessor-version":[{"id":235,"href":"https:\/\/beducon.com\/index.php\/wp-json\/wp\/v2\/pages\/163\/revisions\/235"}],"wp:attachment":[{"href":"https:\/\/beducon.com\/index.php\/wp-json\/wp\/v2\/media?parent=163"}],"curies":[{"name":"wp","href":"https:\/\/api.w.org\/{rel}","templated":true}]}}